{"id":5354,"date":"2022-11-19T10:34:05","date_gmt":"2022-11-19T10:34:05","guid":{"rendered":"https:\/\/urologyonair.com\/?page_id=5354"},"modified":"2022-12-12T15:05:36","modified_gmt":"2022-12-12T15:05:36","slug":"endoscopy4u-2023","status":"publish","type":"page","link":"https:\/\/urologyonair.com\/endoscopy4u-2023\/","title":{"rendered":"Endoscopy4u &#8211; 2023"},"content":{"rendered":"\n<div class=\"wp-block-cover alignfull is-light\"><span aria-hidden=\"true\" class=\"wp-block-cover__background has-background-dim-20 has-background-dim\"><\/span><img decoding=\"async\" loading=\"lazy\" width=\"1920\" height=\"1080\" class=\"wp-block-cover__image-background wp-image-3808\" alt=\"\" src=\"https:\/\/urologyonair.com\/wp-content\/uploads\/2022\/06\/Slide-16_9-1-screen-alternative-1.png\" style=\"object-position:49% 52%\" data-object-fit=\"cover\" data-object-position=\"49% 52%\" srcset=\"https:\/\/urologyonair.com\/wp-content\/uploads\/2022\/06\/Slide-16_9-1-screen-alternative-1.png 1920w, https:\/\/urologyonair.com\/wp-content\/uploads\/2022\/06\/Slide-16_9-1-screen-alternative-1-300x169.png 300w, https:\/\/urologyonair.com\/wp-content\/uploads\/2022\/06\/Slide-16_9-1-screen-alternative-1-1024x576.png 1024w, https:\/\/urologyonair.com\/wp-content\/uploads\/2022\/06\/Slide-16_9-1-screen-alternative-1-768x432.png 768w, https:\/\/urologyonair.com\/wp-content\/uploads\/2022\/06\/Slide-16_9-1-screen-alternative-1-1536x864.png 1536w, https:\/\/urologyonair.com\/wp-content\/uploads\/2022\/06\/Slide-16_9-1-screen-alternative-1-18x10.png 18w\" sizes=\"(max-width: 1920px) 100vw, 1920px\" \/><div class=\"wp-block-cover__inner-container\">\n<div style=\"height:40px\" aria-hidden=\"true\" class=\"wp-block-spacer\"><\/div>\n\n\n\n<div class=\"wp-block-columns\" id=\"join_waitlist\">\n<div class=\"wp-block-column\" style=\"flex-basis:75%\">\n<figure class=\"wp-block-image size-large is-resized\"><img decoding=\"async\" loading=\"lazy\" src=\"https:\/\/urologyonair.com\/wp-content\/uploads\/2022\/04\/endoscopy-4u-logo-transp-1024x1024.png\" alt=\"\" class=\"wp-image-2844\" width=\"256\" height=\"256\" srcset=\"https:\/\/urologyonair.com\/wp-content\/uploads\/2022\/04\/endoscopy-4u-logo-transp-1024x1024.png 1024w, https:\/\/urologyonair.com\/wp-content\/uploads\/2022\/04\/endoscopy-4u-logo-transp-300x300.png 300w, https:\/\/urologyonair.com\/wp-content\/uploads\/2022\/04\/endoscopy-4u-logo-transp-150x150.png 150w, https:\/\/urologyonair.com\/wp-content\/uploads\/2022\/04\/endoscopy-4u-logo-transp-768x768.png 768w, https:\/\/urologyonair.com\/wp-content\/uploads\/2022\/04\/endoscopy-4u-logo-transp-12x12.png 12w, https:\/\/urologyonair.com\/wp-content\/uploads\/2022\/04\/endoscopy-4u-logo-transp.png 1300w\" sizes=\"(max-width: 256px) 100vw, 256px\" \/><\/figure>\n\n\n\n<h2 class=\"has-white-text-color has-text-color wp-block-heading\" id=\"welcome-to-the-world-s-largest\">Endoscopy4u<\/h2>\n\n\n\n<p class=\"has-white-text-color has-text-color\">2023 erwarten Sie viele spannende monothematische Veranstaltungen zu den wichtigen Themen der Endoskopie !<\/p>\n\n\n\n<p class=\"has-white-text-color has-text-color\">Zudem u.a. ein Online-Meeting mit den neuesten Innovationen unserer Industrie-Partner und eine Serie Pathologie f\u00fcr Gastroenterologen<\/p>\n\n\n\n<p class=\"max-width-910 has-white-text-color has-text-color has-sb-font-size\"><\/p>\n\n\n\n<div class=\"wp-block-buttons\"><\/div>\n\n\n\n<p class=\"has-white-text-color has-text-color\"><strong>Powered by:<\/strong><\/p>\n\n\n\n<figure class=\"wp-block-image size-large is-resized\"><img decoding=\"async\" loading=\"lazy\" src=\"https:\/\/urologyonair.com\/wp-content\/uploads\/2022\/04\/abbvie-white-1024x179.png\" alt=\"\" class=\"wp-image-2838\" width=\"166\" height=\"29\" srcset=\"https:\/\/urologyonair.com\/wp-content\/uploads\/2022\/04\/abbvie-white-1024x179.png 1024w, https:\/\/urologyonair.com\/wp-content\/uploads\/2022\/04\/abbvie-white-300x52.png 300w, https:\/\/urologyonair.com\/wp-content\/uploads\/2022\/04\/abbvie-white-768x134.png 768w, https:\/\/urologyonair.com\/wp-content\/uploads\/2022\/04\/abbvie-white-1536x268.png 1536w, https:\/\/urologyonair.com\/wp-content\/uploads\/2022\/04\/abbvie-white-2048x357.png 2048w, https:\/\/urologyonair.com\/wp-content\/uploads\/2022\/04\/abbvie-white-18x3.png 18w\" sizes=\"(max-width: 166px) 100vw, 166px\" \/><\/figure>\n\n\n\n<p class=\"has-white-text-color has-text-color\"><strong>Ko-Sponsoren: Information folgt<\/strong><\/p>\n<\/div>\n\n\n\n<div class=\"wp-block-column\" style=\"flex-basis:25%\"><\/div>\n<\/div>\n\n\n\n<div style=\"height:40px\" aria-hidden=\"true\" class=\"wp-block-spacer\"><\/div>\n<\/div><\/div>\n\n\n\n<div class=\"wp-block-group alignfull is-style-default has-main-color-background-color has-background\">\n<h2 class=\"has-text-align-center has-white-text-color has-text-color wp-block-heading\">Save the dates 2023<\/h2>\n\n\n\n<p class=\"has-text-align-center has-white-text-color has-text-color has-m-font-size\"><strong>21\/02, 21\/03, 18\/04, 02\/05, 21\/06, 26\/09, 10\/10, 21\/11, 12\/12<\/strong><\/p>\n\n\n\n<p class=\"has-text-align-center has-white-text-color has-text-color has-m-font-size\"><strong>Themen u.a.<\/strong><\/p>\n\n\n\n<p class=\"has-text-align-center has-white-text-color has-text-color has-m-font-size\"><strong>Kolonpolypen, Pankreaserkrsankungen, CED-Diagnostik, Magen- und Duodenaladenome,<\/strong><strong>\u00d6sophagus-Motilit\u00e4tsst\u00f6rungen, Barrett-Therapie&nbsp;<\/strong><\/p>\n<\/div>\n\n\n\n<div style=\"height:33px\" aria-hidden=\"true\" class=\"wp-block-spacer\"><\/div>\n\n\n\n<div class=\"wp-block-columns\">\n<div class=\"wp-block-column is-vertically-aligned-center\">\n<figure class=\"wp-block-embed aligncenter is-type-video is-provider-vimeo wp-block-embed-vimeo wp-embed-aspect-16-9 wp-has-aspect-ratio\"><div class=\"wp-block-embed__wrapper\">\n<iframe loading=\"lazy\" title=\"Prof. Raja Atreya im Interview -  Spannende Zeiten: &amp;quot;Nirgends passiert gerade so viel, wie in der CED-Therapie&amp;quot;\" src=\"https:\/\/player.vimeo.com\/video\/780354883?h=1eea081f3f&amp;dnt=1&amp;app_id=122963\" width=\"720\" height=\"405\" frameborder=\"0\" allow=\"autoplay; fullscreen; picture-in-picture\" allowfullscreen><\/iframe>\n<\/div><\/figure>\n<\/div>\n\n\n\n<div class=\"wp-block-column\" style=\"flex-basis:10px\">\n<div style=\"height:100px\" aria-hidden=\"true\" class=\"wp-block-spacer\"><\/div>\n<\/div>\n\n\n\n<div class=\"wp-block-column\">\n<h3 class=\"wp-block-heading\"><strong>Prof. Raja Atreya im Interview<\/strong><\/h3>\n\n\n\n<h2 class=\"wp-block-heading\">Spannende Zeiten: &#8220;Nirgends passiert gerade so viel, wie in der CED-Therapie&#8221;<\/h2>\n\n\n\n<p>Insbesondere in den letzten Jahren gab es im Bereich Therapien und Therapiemanagement bei den chronisch entz\u00fcndlichen Darmerkrankungen (CED) viele Innovationen. Wir haben mit Professor Raja Atreya, Erlangen, dar\u00fcber gesprochen. \u201eNirgends passiert gerade so viel, wie in der CED-Therapie\u201c, freut sich der Gastroenterologe.&nbsp;<\/p>\n\n\n\n<hr class=\"wp-block-separator has-alpha-channel-opacity\"\/>\n\n\n\n<p>Im Interview sprechen wir mit dem Experten \u00fcber die aktuelle Therapielandschaft und die Entwicklungen im Therapiemanagement von CED. Wir werfen einen Blick auf die Relevanz der mukosalen Heilung, die aktuellen und die m\u00f6glicherweise k\u00fcnftigen Therapieziele, die vielleicht erst m\u00f6glich werden.<\/p>\n<\/div>\n<\/div>\n\n\n\n<div style=\"height:33px\" aria-hidden=\"true\" class=\"wp-block-spacer\"><\/div>\n\n\n\n<h2 class=\"wp-block-heading\">Leitung<\/h2>\n\n\n\n<div class=\"endoscopy-speakers grid-v2\">\n\t\t\t\t<a class=\"box-holder director\" href=\"https:\/\/urologyonair.com\/?post_type=speaker&#038;p=677\">\n\t\t\t\t<div class=\"image-holder\"\n\t\t\t\t\t style=\"background-image: url('https:\/\/urologyonair.com\/wp-content\/uploads\/2021\/04\/H.-Messman.jpg')\"><\/div>\n\t\t\t\t<div class=\"content-holder\">\n\t\t\t\t\t<div class=\"title\">Helmut Messmann<\/div>\n\t\t\t\t\t<p>Prof. Messmann was born on July 13, 1962, in Burglengenfeld (Upper Palatinate). He is the Head of the Department of Internal Medicine at Augsburg Medical Centre in Germany. His focus is on gastrointestinal oncology, intensive care medicine, and interventional&#8230;<\/p>\t\t\t\t\t\n\t\t\t\t<\/div>\n\t\t\t<\/a>\n\t\t\t\t\t\t<a class=\"box-holder director\" href=\"https:\/\/urologyonair.com\/?post_type=speaker&#038;p=650\">\n\t\t\t\t<div class=\"image-holder\"\n\t\t\t\t\t style=\"background-image: url('https:\/\/urologyonair.com\/wp-content\/uploads\/2021\/04\/Thomas-Roesch-1.jpg')\"><\/div>\n\t\t\t\t<div class=\"content-holder\">\n\t\t\t\t\t<div class=\"title\">Thomas R\u00f6sch<\/div>\n\t\t\t\t\t<p>Director of the Department of Interdisciplinary Endoscopy at the University Hospital Eppendorf in Hamburg, Germany. Deputy Editor Endoscopy of the journal GUT.<\/p>\t\t\t\t\t\n\t\t\t\t<\/div>\n\t\t\t<\/a>\n\t\t\t<\/div>\n\n\n\n<div style=\"height:33px\" aria-hidden=\"true\" class=\"wp-block-spacer\"><\/div>\n\n\n\n<h2 class=\"wp-block-heading\"><strong>Kooperationspartner<\/strong><\/h2>\n\n\n\n<div class=\"endoscopy-speakers grid-v2\">\n\t\t\t\t<a class=\"box-holder director\" href=\"https:\/\/urologyonair.com\/?post_type=speaker&#038;p=2764\">\n\t\t\t\t<div class=\"image-holder\"\n\t\t\t\t\t style=\"background-image: url('https:\/\/urologyonair.com\/wp-content\/uploads\/2022\/04\/Siegbert-Faiss.jpg')\"><\/div>\n\t\t\t\t<div class=\"content-holder\">\n\t\t\t\t\t<div class=\"title\">Siegbert Faiss<\/div>\n\t\t\t\t\t<p>Chief physician at the clinic for internal medicine with a focus on gastroenterology at the Sana Klinikum Lichtenberg in Berlin, board member for education, training, and further education of the German Society for Gastroenterology, Digestive and Metabolic Diseases (DGVS)&#8230;.<\/p>\t\t\t\t\t\n\t\t\t\t<\/div>\n\t\t\t<\/a>\n\t\t\t\t\t\t<a class=\"box-holder director\" href=\"https:\/\/urologyonair.com\/?post_type=speaker&#038;p=4005\">\n\t\t\t\t<div class=\"image-holder\"\n\t\t\t\t\t style=\"background-image: url('https:\/\/urologyonair.com\/wp-content\/uploads\/2022\/07\/Torsten-Beyna.png')\"><\/div>\n\t\t\t\t<div class=\"content-holder\">\n\t\t\t\t\t<div class=\"title\">Torsten Beyna<\/div>\n\t\t\t\t\t<p>Leitender Arzt Abteilung f\u00fcr Gastroenterologie und Endoskopie, ab Januar 2023 alsNachfolger von Prof. Dr. Horst Neuhaus Chefarzt der Medizinischen Klinik amEvangelischen Krankenhaus D\u00fcsseldorf. Co-Direktor des traditionsreichenInternationalen D\u00fcsseldorfer Endoskopie Symposiums. Derzeitiges Mitglied im Beiratder Sektion Endoskopie der DGVS, des Beirates&#8230;<\/p>\t\t\t\t\t\n\t\t\t\t<\/div>\n\t\t\t<\/a>\n\t\t\t<\/div>\n\n\n\n<div style=\"height:33px\" aria-hidden=\"true\" class=\"wp-block-spacer\"><\/div>\n","protected":false},"excerpt":{"rendered":"<p>Save the dates 2023 21\/02, 21\/03, 18\/04, 02\/05, 21\/06, 26\/09, 10\/10, 21\/11, 12\/12 Themen u.a. Kolonpolypen, Pankreaserkrsankungen, CED-Diagnostik, Magen- und Duodenaladenome,\u00d6sophagus-Motilit\u00e4tsst\u00f6rungen, Barrett-Therapie&nbsp; Prof. Raja Atreya im Interview Spannende Zeiten: &#8220;Nirgends passiert gerade so viel, wie in der CED-Therapie&#8221; Insbesondere in den letzten Jahren gab es im Bereich Therapien und Therapiemanagement bei den chronisch entz\u00fcndlichen Darmerkrankungen [&hellip;]<\/p>\n","protected":false},"author":24439,"featured_media":0,"parent":0,"menu_order":0,"comment_status":"closed","ping_status":"closed","template":"","meta":{"content-type":""},"yoast_head":"<!-- This site is optimized with the Yoast SEO plugin v20.10 - https:\/\/yoast.com\/wordpress\/plugins\/seo\/ -->\n<title>Endoscopy4u - 2023 - Urology on Air<\/title>\n<meta name=\"robots\" content=\"index, follow, max-snippet:-1, max-image-preview:large, max-video-preview:-1\" \/>\n<link rel=\"canonical\" href=\"https:\/\/urologyonair.com\/endoscopy4u-2023\/\" \/>\n<meta property=\"og:locale\" content=\"en_US\" \/>\n<meta property=\"og:type\" content=\"article\" \/>\n<meta property=\"og:title\" content=\"Endoscopy4u - 2023 - Urology on Air\" \/>\n<meta property=\"og:description\" content=\"Save the dates 2023 21\/02, 21\/03, 18\/04, 02\/05, 21\/06, 26\/09, 10\/10, 21\/11, 12\/12 Themen u.a. Kolonpolypen, Pankreaserkrsankungen, CED-Diagnostik, Magen- und Duodenaladenome,\u00d6sophagus-Motilit\u00e4tsst\u00f6rungen, Barrett-Therapie&nbsp; Prof. Raja Atreya im Interview Spannende Zeiten: &#8220;Nirgends passiert gerade so viel, wie in der CED-Therapie&#8221; Insbesondere in den letzten Jahren gab es im Bereich Therapien und Therapiemanagement bei den chronisch entz\u00fcndlichen Darmerkrankungen [&hellip;]\" \/>\n<meta property=\"og:url\" content=\"https:\/\/urologyonair.com\/endoscopy4u-2023\/\" \/>\n<meta property=\"og:site_name\" content=\"Urology on Air\" \/>\n<meta property=\"article:modified_time\" content=\"2022-12-12T15:05:36+00:00\" \/>\n<meta property=\"og:image\" content=\"https:\/\/urologyonair.com\/wp-content\/uploads\/2022\/06\/Slide-16_9-1-screen-alternative-1.png\" \/>\n<meta name=\"twitter:card\" content=\"summary_large_image\" \/>\n<meta name=\"twitter:label1\" content=\"Est. reading time\" \/>\n\t<meta name=\"twitter:data1\" content=\"2 minutes\" \/>\n<script type=\"application\/ld+json\" class=\"yoast-schema-graph\">{\"@context\":\"https:\/\/schema.org\",\"@graph\":[{\"@type\":\"WebPage\",\"@id\":\"https:\/\/urologyonair.com\/endoscopy4u-2023\/\",\"url\":\"https:\/\/urologyonair.com\/endoscopy4u-2023\/\",\"name\":\"Endoscopy4u - 2023 - Urology on Air\",\"isPartOf\":{\"@id\":\"https:\/\/urologyonair.com\/#website\"},\"datePublished\":\"2022-11-19T10:34:05+00:00\",\"dateModified\":\"2022-12-12T15:05:36+00:00\",\"inLanguage\":\"en-US\",\"potentialAction\":[{\"@type\":\"ReadAction\",\"target\":[\"https:\/\/urologyonair.com\/endoscopy4u-2023\/\"]}]},{\"@type\":\"WebSite\",\"@id\":\"https:\/\/urologyonair.com\/#website\",\"url\":\"https:\/\/urologyonair.com\/\",\"name\":\"Urology on Air\",\"description\":\"Online Urology Events\",\"publisher\":{\"@id\":\"https:\/\/urologyonair.com\/#organization\"},\"potentialAction\":[{\"@type\":\"SearchAction\",\"target\":{\"@type\":\"EntryPoint\",\"urlTemplate\":\"https:\/\/urologyonair.com\/?s={search_term_string}\"},\"query-input\":\"required name=search_term_string\"}],\"inLanguage\":\"en-US\"},{\"@type\":\"Organization\",\"@id\":\"https:\/\/urologyonair.com\/#organization\",\"name\":\"Urology on Air\",\"url\":\"https:\/\/urologyonair.com\/\",\"logo\":{\"@type\":\"ImageObject\",\"inLanguage\":\"en-US\",\"@id\":\"https:\/\/urologyonair.com\/#\/schema\/logo\/image\/\",\"url\":\"https:\/\/urologyonair.com\/wp-content\/uploads\/2024\/09\/cropped-logo_uoa_color-2.png\",\"contentUrl\":\"https:\/\/urologyonair.com\/wp-content\/uploads\/2024\/09\/cropped-logo_uoa_color-2.png\",\"width\":1025,\"height\":200,\"caption\":\"Urology on Air\"},\"image\":{\"@id\":\"https:\/\/urologyonair.com\/#\/schema\/logo\/image\/\"}}]}<\/script>\n<!-- \/ Yoast SEO plugin. -->","yoast_head_json":{"title":"Endoscopy4u - 2023 - Urology on Air","robots":{"index":"index","follow":"follow","max-snippet":"max-snippet:-1","max-image-preview":"max-image-preview:large","max-video-preview":"max-video-preview:-1"},"canonical":"https:\/\/urologyonair.com\/endoscopy4u-2023\/","og_locale":"en_US","og_type":"article","og_title":"Endoscopy4u - 2023 - Urology on Air","og_description":"Save the dates 2023 21\/02, 21\/03, 18\/04, 02\/05, 21\/06, 26\/09, 10\/10, 21\/11, 12\/12 Themen u.a. Kolonpolypen, Pankreaserkrsankungen, CED-Diagnostik, Magen- und Duodenaladenome,\u00d6sophagus-Motilit\u00e4tsst\u00f6rungen, Barrett-Therapie&nbsp; Prof. Raja Atreya im Interview Spannende Zeiten: &#8220;Nirgends passiert gerade so viel, wie in der CED-Therapie&#8221; Insbesondere in den letzten Jahren gab es im Bereich Therapien und Therapiemanagement bei den chronisch entz\u00fcndlichen Darmerkrankungen [&hellip;]","og_url":"https:\/\/urologyonair.com\/endoscopy4u-2023\/","og_site_name":"Urology on Air","article_modified_time":"2022-12-12T15:05:36+00:00","og_image":[{"url":"https:\/\/urologyonair.com\/wp-content\/uploads\/2022\/06\/Slide-16_9-1-screen-alternative-1.png"}],"twitter_card":"summary_large_image","twitter_misc":{"Est. reading time":"2 minutes"},"schema":{"@context":"https:\/\/schema.org","@graph":[{"@type":"WebPage","@id":"https:\/\/urologyonair.com\/endoscopy4u-2023\/","url":"https:\/\/urologyonair.com\/endoscopy4u-2023\/","name":"Endoscopy4u - 2023 - Urology on Air","isPartOf":{"@id":"https:\/\/urologyonair.com\/#website"},"datePublished":"2022-11-19T10:34:05+00:00","dateModified":"2022-12-12T15:05:36+00:00","inLanguage":"en-US","potentialAction":[{"@type":"ReadAction","target":["https:\/\/urologyonair.com\/endoscopy4u-2023\/"]}]},{"@type":"WebSite","@id":"https:\/\/urologyonair.com\/#website","url":"https:\/\/urologyonair.com\/","name":"Urology on Air","description":"Online Urology Events","publisher":{"@id":"https:\/\/urologyonair.com\/#organization"},"potentialAction":[{"@type":"SearchAction","target":{"@type":"EntryPoint","urlTemplate":"https:\/\/urologyonair.com\/?s={search_term_string}"},"query-input":"required name=search_term_string"}],"inLanguage":"en-US"},{"@type":"Organization","@id":"https:\/\/urologyonair.com\/#organization","name":"Urology on Air","url":"https:\/\/urologyonair.com\/","logo":{"@type":"ImageObject","inLanguage":"en-US","@id":"https:\/\/urologyonair.com\/#\/schema\/logo\/image\/","url":"https:\/\/urologyonair.com\/wp-content\/uploads\/2024\/09\/cropped-logo_uoa_color-2.png","contentUrl":"https:\/\/urologyonair.com\/wp-content\/uploads\/2024\/09\/cropped-logo_uoa_color-2.png","width":1025,"height":200,"caption":"Urology on Air"},"image":{"@id":"https:\/\/urologyonair.com\/#\/schema\/logo\/image\/"}}]}},"acf":[],"_links":{"self":[{"href":"https:\/\/urologyonair.com\/wp-json\/wp\/v2\/pages\/5354"}],"collection":[{"href":"https:\/\/urologyonair.com\/wp-json\/wp\/v2\/pages"}],"about":[{"href":"https:\/\/urologyonair.com\/wp-json\/wp\/v2\/types\/page"}],"author":[{"embeddable":true,"href":"https:\/\/urologyonair.com\/wp-json\/wp\/v2\/users\/24439"}],"replies":[{"embeddable":true,"href":"https:\/\/urologyonair.com\/wp-json\/wp\/v2\/comments?post=5354"}],"version-history":[{"count":83,"href":"https:\/\/urologyonair.com\/wp-json\/wp\/v2\/pages\/5354\/revisions"}],"predecessor-version":[{"id":5523,"href":"https:\/\/urologyonair.com\/wp-json\/wp\/v2\/pages\/5354\/revisions\/5523"}],"wp:attachment":[{"href":"https:\/\/urologyonair.com\/wp-json\/wp\/v2\/media?parent=5354"}],"curies":[{"name":"wp","href":"https:\/\/api.w.org\/{rel}","templated":true}]}}